{"id":984,"date":"2025-12-16T01:46:57","date_gmt":"2025-12-16T01:46:57","guid":{"rendered":"https:\/\/www.agencemediatis.com\/probert\/?page_id=984"},"modified":"2026-04-07T19:53:57","modified_gmt":"2026-04-07T19:53:57","slug":"a-propos","status":"publish","type":"page","link":"https:\/\/www.groupe-ace.ca\/en\/a-propos\/","title":{"rendered":"ABOUT"},"content":{"rendered":"<div data-elementor-type=\"wp-page\" data-elementor-id=\"984\" class=\"elementor elementor-984\" data-elementor-post-type=\"page\">\n\t\t\t\t<div class=\"elementor-element elementor-element-a54892b e-flex e-con-boxed e-con e-parent\" data-id=\"a54892b\" data-element_type=\"container\" data-e-type=\"container\">\n\t\t\t\t\t<div class=\"e-con-inner\">\n\t\t<div class=\"elementor-element elementor-element-0c47cd1 e-con-full e-flex e-con e-child\" data-id=\"0c47cd1\" data-element_type=\"container\" data-e-type=\"container\">\n\t\t\t\t<div class=\"elementor-element elementor-element-f4bc5cf elementor-widget elementor-widget-text-editor\" data-id=\"f4bc5cf\" data-element_type=\"widget\" data-e-type=\"widget\" data-widget_type=\"text-editor.default\">\n\t\t\t\t<div class=\"elementor-widget-container\">\n\t\t\t\t\t\t\t\t\t<h2>Une entreprise sp\u00e9cialis\u00e9e en am\u00e9nagement et r\u00e9novation ext\u00e9rieure durable<\/h2><h4 data-start=\"1269\" data-end=\"1479\">Chez <strong data-start=\"1931\" data-end=\"1970\">ACE \u2013 Am\u00e9nagement Confort Ext\u00e9rieur<\/strong>, nous mettons notre savoir-faire au service de vos <strong data-start=\"2022\" data-end=\"2075\">projets d\u2019am\u00e9nagement et de r\u00e9novation ext\u00e9rieure<\/strong>, qu\u2019il s\u2019agisse de moderniser une surface existante ou de cr\u00e9er un tout nouvel espace.<\/h4><p data-start=\"2164\" data-end=\"2217\">Chaque projet est r\u00e9alis\u00e9 avec un souci constant de :<\/p><ul data-start=\"2218\" data-end=\"2280\"><li data-start=\"2218\" data-end=\"2231\"><p data-start=\"2220\" data-end=\"2231\"><strong data-start=\"2220\" data-end=\"2231\">qualit\u00e9<\/strong><\/p><\/li><li data-start=\"2232\" data-end=\"2246\"><p data-start=\"2234\" data-end=\"2246\"><strong data-start=\"2234\" data-end=\"2246\">solidit\u00e9<\/strong><\/p><\/li><li data-start=\"2247\" data-end=\"2263\"><p data-start=\"2249\" data-end=\"2263\"><strong data-start=\"2249\" data-end=\"2263\">esth\u00e9tique<\/strong><\/p><\/li><li data-start=\"2264\" data-end=\"2280\"><p data-start=\"2266\" data-end=\"2280\"><strong data-start=\"2266\" data-end=\"2280\">durabilit\u00e9<\/strong><\/p><\/li><\/ul><p data-start=\"2282\" data-end=\"2336\">Nous croyons qu\u2019un am\u00e9nagement ext\u00e9rieur r\u00e9ussi doit :<\/p><ul data-start=\"2337\" data-end=\"2482\"><li data-start=\"2337\" data-end=\"2374\"><p data-start=\"2339\" data-end=\"2374\">\u00eatre <strong data-start=\"2344\" data-end=\"2374\">fonctionnel et s\u00e9curitaire<\/strong><\/p><\/li><li data-start=\"2375\" data-end=\"2405\"><p data-start=\"2377\" data-end=\"2405\"><strong data-start=\"2377\" data-end=\"2405\">r\u00e9sister aux intemp\u00e9ries<\/strong><\/p><\/li><li data-start=\"2406\" data-end=\"2437\"><p data-start=\"2408\" data-end=\"2437\">offrir un <strong data-start=\"2418\" data-end=\"2437\">confort optimal<\/strong><\/p><\/li><li data-start=\"2438\" data-end=\"2482\"><p data-start=\"2440\" data-end=\"2482\"><strong data-start=\"2440\" data-end=\"2482\">augmenter la valeur de votre propri\u00e9t\u00e9<\/strong><\/p><\/li><\/ul><p data-start=\"2484\" data-end=\"2640\">De la pr\u00e9paration du terrain jusqu\u2019\u00e0 la finition finale, notre \u00e9quipe vous accompagne \u00e0 chaque \u00e9tape pour garantir un r\u00e9sultat \u00e0 la hauteur de vos attentes.<\/p>\t\t\t\t\t\t\t\t<\/div>\n\t\t\t\t<\/div>\n\t\t\t\t<div class=\"elementor-element elementor-element-6e0a6e6 elementor-widget elementor-widget-button\" data-id=\"6e0a6e6\" data-element_type=\"widget\" data-e-type=\"widget\" data-widget_type=\"button.default\">\n\t\t\t\t<div class=\"elementor-widget-container\">\n\t\t\t\t\t\t\t\t\t<div class=\"elementor-button-wrapper\">\n\t\t\t\t\t<a class=\"elementor-button elementor-button-link elementor-size-sm\" href=\"https:\/\/www.groupe-ace.ca\/en\/nous-contacter\/\">\n\t\t\t\t\t\t<span class=\"elementor-button-content-wrapper\">\n\t\t\t\t\t\t\t\t\t<span class=\"elementor-button-text\">NOUS CONTACTER<\/span>\n\t\t\t\t\t<\/span>\n\t\t\t\t\t<\/a>\n\t\t\t\t<\/div>\n\t\t\t\t\t\t\t\t<\/div>\n\t\t\t\t<\/div>\n\t\t\t\t<\/div>\n\t\t<div class=\"elementor-element elementor-element-112f40d e-con-full e-flex e-con e-child\" data-id=\"112f40d\" data-element_type=\"container\" data-e-type=\"container\">\n\t\t\t\t<div class=\"elementor-element elementor-element-c26c403 elementor-widget elementor-widget-image\" data-id=\"c26c403\" data-element_type=\"widget\" data-e-type=\"widget\" data-widget_type=\"image.default\">\n\t\t\t\t<div class=\"elementor-widget-container\">\n\t\t\t\t\t\t\t\t\t\t\t\t\t\t\t<img fetchpriority=\"high\" decoding=\"async\" width=\"991\" height=\"1024\" src=\"https:\/\/www.groupe-ace.ca\/wp-content\/uploads\/2025\/12\/accueil-991x1024.jpg\" class=\"attachment-large size-large wp-image-1154\" alt=\"\" srcset=\"https:\/\/www.groupe-ace.ca\/wp-content\/uploads\/2025\/12\/accueil-991x1024.jpg 991w, https:\/\/www.groupe-ace.ca\/wp-content\/uploads\/2025\/12\/accueil-290x300.jpg 290w, https:\/\/www.groupe-ace.ca\/wp-content\/uploads\/2025\/12\/accueil-768x793.jpg 768w, https:\/\/www.groupe-ace.ca\/wp-content\/uploads\/2025\/12\/accueil-1487x1536.jpg 1487w, https:\/\/www.groupe-ace.ca\/wp-content\/uploads\/2025\/12\/accueil-12x12.jpg 12w, https:\/\/www.groupe-ace.ca\/wp-content\/uploads\/2025\/12\/accueil-141x146.jpg 141w, https:\/\/www.groupe-ace.ca\/wp-content\/uploads\/2025\/12\/accueil-48x50.jpg 48w, https:\/\/www.groupe-ace.ca\/wp-content\/uploads\/2025\/12\/accueil-73x75.jpg 73w, https:\/\/www.groupe-ace.ca\/wp-content\/uploads\/2025\/12\/accueil.jpg 1634w\" sizes=\"(max-width: 991px) 100vw, 991px\" \/>\t\t\t\t\t\t\t\t\t\t\t\t\t\t\t<\/div>\n\t\t\t\t<\/div>\n\t\t\t\t<div class=\"elementor-element elementor-element-16910c3 elementor-widget elementor-widget-image\" data-id=\"16910c3\" data-element_type=\"widget\" data-e-type=\"widget\" data-widget_type=\"image.default\">\n\t\t\t\t<div class=\"elementor-widget-container\">\n\t\t\t\t\t\t\t\t\t\t\t\t\t\t\t<img decoding=\"async\" width=\"1024\" height=\"768\" src=\"https:\/\/www.groupe-ace.ca\/wp-content\/uploads\/2025\/12\/pave-uni-1024x768.jpg\" class=\"attachment-large size-large wp-image-1148\" alt=\"\" srcset=\"https:\/\/www.groupe-ace.ca\/wp-content\/uploads\/2025\/12\/pave-uni-1024x768.jpg 1024w, https:\/\/www.groupe-ace.ca\/wp-content\/uploads\/2025\/12\/pave-uni-300x225.jpg 300w, https:\/\/www.groupe-ace.ca\/wp-content\/uploads\/2025\/12\/pave-uni-768x576.jpg 768w, https:\/\/www.groupe-ace.ca\/wp-content\/uploads\/2025\/12\/pave-uni-16x12.jpg 16w, https:\/\/www.groupe-ace.ca\/wp-content\/uploads\/2025\/12\/pave-uni-195x146.jpg 195w, https:\/\/www.groupe-ace.ca\/wp-content\/uploads\/2025\/12\/pave-uni-50x38.jpg 50w, https:\/\/www.groupe-ace.ca\/wp-content\/uploads\/2025\/12\/pave-uni-100x75.jpg 100w, https:\/\/www.groupe-ace.ca\/wp-content\/uploads\/2025\/12\/pave-uni.jpg 1200w\" sizes=\"(max-width: 1024px) 100vw, 1024px\" \/>\t\t\t\t\t\t\t\t\t\t\t\t\t\t\t<\/div>\n\t\t\t\t<\/div>\n\t\t\t\t<\/div>\n\t\t\t\t\t<\/div>\n\t\t\t\t<\/div>\n\t\t<div class=\"elementor-element elementor-element-ea29082 e-flex e-con-boxed e-con e-parent\" data-id=\"ea29082\" data-element_type=\"container\" data-e-type=\"container\">\n\t\t\t\t\t<div class=\"e-con-inner\">\n\t\t\t\t<div class=\"elementor-element elementor-element-bf956a4 elementor-widget elementor-widget-text-editor\" data-id=\"bf956a4\" data-element_type=\"widget\" data-e-type=\"widget\" data-widget_type=\"text-editor.default\">\n\t\t\t\t<div class=\"elementor-widget-container\">\n\t\t\t\t\t\t\t\t\t<h4>Vous avez un projet?<br \/>Contactez-nous d\u00e8s maintenant!<\/h4><h2>(514) 358-1368<\/h2>\t\t\t\t\t\t\t\t<\/div>\n\t\t\t\t<\/div>\n\t\t\t\t<div class=\"elementor-element elementor-element-a43dd9c elementor-align-center elementor-widget elementor-widget-button\" data-id=\"a43dd9c\" data-element_type=\"widget\" data-e-type=\"widget\" data-widget_type=\"button.default\">\n\t\t\t\t<div class=\"elementor-widget-container\">\n\t\t\t\t\t\t\t\t\t<div class=\"elementor-button-wrapper\">\n\t\t\t\t\t<a class=\"elementor-button elementor-button-link elementor-size-sm\" href=\"https:\/\/www.groupe-ace.ca\/en\/nous-contacter\/\">\n\t\t\t\t\t\t<span class=\"elementor-button-content-wrapper\">\n\t\t\t\t\t\t\t\t\t<span class=\"elementor-button-text\">ENVOYEZ-NOUS UN MESSAGE<\/span>\n\t\t\t\t\t<\/span>\n\t\t\t\t\t<\/a>\n\t\t\t\t<\/div>\n\t\t\t\t\t\t\t\t<\/div>\n\t\t\t\t<\/div>\n\t\t\t\t\t<\/div>\n\t\t\t\t<\/div>\n\t\t\t\t<\/div>","protected":false},"excerpt":{"rendered":"<p>Une entreprise sp\u00e9cialis\u00e9e en am\u00e9nagement et r\u00e9novation ext\u00e9rieure durable Chez ACE \u2013 Am\u00e9nagement Confort Ext\u00e9rieur, nous mettons notre savoir-faire au service de vos projets d\u2019am\u00e9nagement et<span class=\"excerpt-hellip\"> [\u2026]<\/span><\/p>\n","protected":false},"author":1,"featured_media":0,"parent":0,"menu_order":0,"comment_status":"closed","ping_status":"closed","template":"","meta":{"footnotes":""},"class_list":["post-984","page","type-page","status-publish","hentry"],"yoast_head":"<!-- This site is optimized with the Yoast SEO plugin v27.3 - https:\/\/yoast.com\/product\/yoast-seo-wordpress\/ -->\n<title>\u00c0 PROPOS - Am\u00e9nagement et r\u00e9novation ext\u00e9rieure Rive-Nord, Lanaudi\u00e8re et Laurentides | ACE<\/title>\n<meta name=\"description\" content=\"ACE \u2013 Am\u00e9nagement Confort Ext\u00e9rieur est une entreprise sp\u00e9cialis\u00e9e en am\u00e9nagement et r\u00e9novation ext\u00e9rieure sur la Rive-Nord, Lanaudi\u00e8re et Laurentides. Qualit\u00e9, durabilit\u00e9 et finition professionnelle.\" \/>\n<meta name=\"robots\" content=\"index, follow, max-snippet:-1, max-image-preview:large, max-video-preview:-1\" \/>\n<link rel=\"canonical\" href=\"https:\/\/www.groupe-ace.ca\/en\/a-propos\/\" \/>\n<meta property=\"og:locale\" content=\"en_US\" \/>\n<meta property=\"og:type\" content=\"article\" \/>\n<meta property=\"og:title\" content=\"\u00c0 PROPOS - Am\u00e9nagement et r\u00e9novation ext\u00e9rieure Rive-Nord, Lanaudi\u00e8re et Laurentides | ACE\" \/>\n<meta property=\"og:description\" content=\"ACE \u2013 Am\u00e9nagement Confort Ext\u00e9rieur est une entreprise sp\u00e9cialis\u00e9e en am\u00e9nagement et r\u00e9novation ext\u00e9rieure sur la Rive-Nord, Lanaudi\u00e8re et Laurentides. Qualit\u00e9, durabilit\u00e9 et finition professionnelle.\" \/>\n<meta property=\"og:url\" content=\"https:\/\/www.groupe-ace.ca\/en\/a-propos\/\" \/>\n<meta property=\"og:site_name\" content=\"Am\u00e9nagement et r\u00e9novation ext\u00e9rieure Rive-Nord, Lanaudi\u00e8re et Laurentides | ACE\" \/>\n<meta property=\"article:modified_time\" content=\"2026-04-07T19:53:57+00:00\" \/>\n<meta property=\"og:image\" content=\"https:\/\/www.groupe-ace.ca\/wp-content\/uploads\/2025\/12\/accueil.jpg\" \/>\n\t<meta property=\"og:image:width\" content=\"1634\" \/>\n\t<meta property=\"og:image:height\" content=\"1688\" \/>\n\t<meta property=\"og:image:type\" content=\"image\/jpeg\" \/>\n<meta name=\"twitter:card\" content=\"summary_large_image\" \/>\n<meta name=\"twitter:label1\" content=\"Est. reading time\" \/>\n\t<meta name=\"twitter:data1\" content=\"1 minute\" \/>\n<script type=\"application\/ld+json\" class=\"yoast-schema-graph\">{\"@context\":\"https:\\\/\\\/schema.org\",\"@graph\":[{\"@type\":\"WebPage\",\"@id\":\"https:\\\/\\\/www.groupe-ace.ca\\\/a-propos\\\/\",\"url\":\"https:\\\/\\\/www.groupe-ace.ca\\\/a-propos\\\/\",\"name\":\"\u00c0 PROPOS - Am\u00e9nagement et r\u00e9novation ext\u00e9rieure Rive-Nord, Lanaudi\u00e8re et Laurentides | ACE\",\"isPartOf\":{\"@id\":\"https:\\\/\\\/www.groupe-ace.ca\\\/#website\"},\"primaryImageOfPage\":{\"@id\":\"https:\\\/\\\/www.groupe-ace.ca\\\/a-propos\\\/#primaryimage\"},\"image\":{\"@id\":\"https:\\\/\\\/www.groupe-ace.ca\\\/a-propos\\\/#primaryimage\"},\"thumbnailUrl\":\"https:\\\/\\\/www.groupe-ace.ca\\\/wp-content\\\/uploads\\\/2025\\\/12\\\/accueil-991x1024.jpg\",\"datePublished\":\"2025-12-16T01:46:57+00:00\",\"dateModified\":\"2026-04-07T19:53:57+00:00\",\"description\":\"ACE \u2013 Am\u00e9nagement Confort Ext\u00e9rieur est une entreprise sp\u00e9cialis\u00e9e en am\u00e9nagement et r\u00e9novation ext\u00e9rieure sur la Rive-Nord, Lanaudi\u00e8re et Laurentides. Qualit\u00e9, durabilit\u00e9 et finition professionnelle.\",\"breadcrumb\":{\"@id\":\"https:\\\/\\\/www.groupe-ace.ca\\\/a-propos\\\/#breadcrumb\"},\"inLanguage\":\"en-CA\",\"potentialAction\":[{\"@type\":\"ReadAction\",\"target\":[\"https:\\\/\\\/www.groupe-ace.ca\\\/a-propos\\\/\"]}]},{\"@type\":\"ImageObject\",\"inLanguage\":\"en-CA\",\"@id\":\"https:\\\/\\\/www.groupe-ace.ca\\\/a-propos\\\/#primaryimage\",\"url\":\"https:\\\/\\\/www.groupe-ace.ca\\\/wp-content\\\/uploads\\\/2025\\\/12\\\/accueil-991x1024.jpg\",\"contentUrl\":\"https:\\\/\\\/www.groupe-ace.ca\\\/wp-content\\\/uploads\\\/2025\\\/12\\\/accueil-991x1024.jpg\"},{\"@type\":\"BreadcrumbList\",\"@id\":\"https:\\\/\\\/www.groupe-ace.ca\\\/a-propos\\\/#breadcrumb\",\"itemListElement\":[{\"@type\":\"ListItem\",\"position\":1,\"name\":\"Accueil\",\"item\":\"https:\\\/\\\/www.groupe-ace.ca\\\/\"},{\"@type\":\"ListItem\",\"position\":2,\"name\":\"\u00c0 PROPOS\"}]},{\"@type\":\"WebSite\",\"@id\":\"https:\\\/\\\/www.groupe-ace.ca\\\/#website\",\"url\":\"https:\\\/\\\/www.groupe-ace.ca\\\/\",\"name\":\"Am\u00e9nagement et r\u00e9novation ext\u00e9rieure Rive-Nord, Lanaudi\u00e8re et Laurentides | ACE\",\"description\":\"\",\"potentialAction\":[{\"@type\":\"SearchAction\",\"target\":{\"@type\":\"EntryPoint\",\"urlTemplate\":\"https:\\\/\\\/www.groupe-ace.ca\\\/?s={search_term_string}\"},\"query-input\":{\"@type\":\"PropertyValueSpecification\",\"valueRequired\":true,\"valueName\":\"search_term_string\"}}],\"inLanguage\":\"en-CA\"}]}<\/script>\n<!-- \/ Yoast SEO plugin. -->","yoast_head_json":{"title":"\u00c0 PROPOS - Am\u00e9nagement et r\u00e9novation ext\u00e9rieure Rive-Nord, Lanaudi\u00e8re et Laurentides | ACE","description":"ACE \u2013 Am\u00e9nagement Confort Ext\u00e9rieur est une entreprise sp\u00e9cialis\u00e9e en am\u00e9nagement et r\u00e9novation ext\u00e9rieure sur la Rive-Nord, Lanaudi\u00e8re et Laurentides. Qualit\u00e9, durabilit\u00e9 et finition professionnelle.","robots":{"index":"index","follow":"follow","max-snippet":"max-snippet:-1","max-image-preview":"max-image-preview:large","max-video-preview":"max-video-preview:-1"},"canonical":"https:\/\/www.groupe-ace.ca\/en\/a-propos\/","og_locale":"en_US","og_type":"article","og_title":"\u00c0 PROPOS - Am\u00e9nagement et r\u00e9novation ext\u00e9rieure Rive-Nord, Lanaudi\u00e8re et Laurentides | ACE","og_description":"ACE \u2013 Am\u00e9nagement Confort Ext\u00e9rieur est une entreprise sp\u00e9cialis\u00e9e en am\u00e9nagement et r\u00e9novation ext\u00e9rieure sur la Rive-Nord, Lanaudi\u00e8re et Laurentides. Qualit\u00e9, durabilit\u00e9 et finition professionnelle.","og_url":"https:\/\/www.groupe-ace.ca\/en\/a-propos\/","og_site_name":"Am\u00e9nagement et r\u00e9novation ext\u00e9rieure Rive-Nord, Lanaudi\u00e8re et Laurentides | ACE","article_modified_time":"2026-04-07T19:53:57+00:00","og_image":[{"width":1634,"height":1688,"url":"https:\/\/www.groupe-ace.ca\/wp-content\/uploads\/2025\/12\/accueil.jpg","type":"image\/jpeg"}],"twitter_card":"summary_large_image","twitter_misc":{"Est. reading time":"1 minute"},"schema":{"@context":"https:\/\/schema.org","@graph":[{"@type":"WebPage","@id":"https:\/\/www.groupe-ace.ca\/a-propos\/","url":"https:\/\/www.groupe-ace.ca\/a-propos\/","name":"\u00c0 PROPOS - Am\u00e9nagement et r\u00e9novation ext\u00e9rieure Rive-Nord, Lanaudi\u00e8re et Laurentides | ACE","isPartOf":{"@id":"https:\/\/www.groupe-ace.ca\/#website"},"primaryImageOfPage":{"@id":"https:\/\/www.groupe-ace.ca\/a-propos\/#primaryimage"},"image":{"@id":"https:\/\/www.groupe-ace.ca\/a-propos\/#primaryimage"},"thumbnailUrl":"https:\/\/www.groupe-ace.ca\/wp-content\/uploads\/2025\/12\/accueil-991x1024.jpg","datePublished":"2025-12-16T01:46:57+00:00","dateModified":"2026-04-07T19:53:57+00:00","description":"ACE \u2013 Am\u00e9nagement Confort Ext\u00e9rieur est une entreprise sp\u00e9cialis\u00e9e en am\u00e9nagement et r\u00e9novation ext\u00e9rieure sur la Rive-Nord, Lanaudi\u00e8re et Laurentides. Qualit\u00e9, durabilit\u00e9 et finition professionnelle.","breadcrumb":{"@id":"https:\/\/www.groupe-ace.ca\/a-propos\/#breadcrumb"},"inLanguage":"en-CA","potentialAction":[{"@type":"ReadAction","target":["https:\/\/www.groupe-ace.ca\/a-propos\/"]}]},{"@type":"ImageObject","inLanguage":"en-CA","@id":"https:\/\/www.groupe-ace.ca\/a-propos\/#primaryimage","url":"https:\/\/www.groupe-ace.ca\/wp-content\/uploads\/2025\/12\/accueil-991x1024.jpg","contentUrl":"https:\/\/www.groupe-ace.ca\/wp-content\/uploads\/2025\/12\/accueil-991x1024.jpg"},{"@type":"BreadcrumbList","@id":"https:\/\/www.groupe-ace.ca\/a-propos\/#breadcrumb","itemListElement":[{"@type":"ListItem","position":1,"name":"Accueil","item":"https:\/\/www.groupe-ace.ca\/"},{"@type":"ListItem","position":2,"name":"\u00c0 PROPOS"}]},{"@type":"WebSite","@id":"https:\/\/www.groupe-ace.ca\/#website","url":"https:\/\/www.groupe-ace.ca\/","name":"Am\u00e9nagement et r\u00e9novation ext\u00e9rieure Rive-Nord, Lanaudi\u00e8re et Laurentides | ACE","description":"","potentialAction":[{"@type":"SearchAction","target":{"@type":"EntryPoint","urlTemplate":"https:\/\/www.groupe-ace.ca\/?s={search_term_string}"},"query-input":{"@type":"PropertyValueSpecification","valueRequired":true,"valueName":"search_term_string"}}],"inLanguage":"en-CA"}]}},"_links":{"self":[{"href":"https:\/\/www.groupe-ace.ca\/en\/wp-json\/wp\/v2\/pages\/984","targetHints":{"allow":["GET"]}}],"collection":[{"href":"https:\/\/www.groupe-ace.ca\/en\/wp-json\/wp\/v2\/pages"}],"about":[{"href":"https:\/\/www.groupe-ace.ca\/en\/wp-json\/wp\/v2\/types\/page"}],"author":[{"embeddable":true,"href":"https:\/\/www.groupe-ace.ca\/en\/wp-json\/wp\/v2\/users\/1"}],"replies":[{"embeddable":true,"href":"https:\/\/www.groupe-ace.ca\/en\/wp-json\/wp\/v2\/comments?post=984"}],"version-history":[{"count":5,"href":"https:\/\/www.groupe-ace.ca\/en\/wp-json\/wp\/v2\/pages\/984\/revisions"}],"predecessor-version":[{"id":1315,"href":"https:\/\/www.groupe-ace.ca\/en\/wp-json\/wp\/v2\/pages\/984\/revisions\/1315"}],"wp:attachment":[{"href":"https:\/\/www.groupe-ace.ca\/en\/wp-json\/wp\/v2\/media?parent=984"}],"curies":[{"name":"wp","href":"https:\/\/api.w.org\/{rel}","templated":true}]}}